{"id":167,"date":"2020-04-25T18:03:04","date_gmt":"2020-04-25T17:03:04","guid":{"rendered":"https:\/\/www.scrapbook.allmermaids.top\/?page_id=167"},"modified":"2020-05-22T13:02:16","modified_gmt":"2020-05-22T12:02:16","slug":"contacto-sobre-scrapbook-tools","status":"publish","type":"page","link":"https:\/\/www.scrapbook.allmermaids.top\/?page_id=167","title":{"rendered":"Contacto y +"},"content":{"rendered":"\n<p><br>Nos llena de ilusi\u00f3n compartir con vosotros este proyecto.<\/p>\n\n\n\n<p>Nuestro deseo al construir esta p\u00e1gina, y dise\u00f1ar estas herramientas para Scrapbooking, es que sean \u00fatiles para las personas que disfrut\u00e1is de este entretenido y hermoso hobby. Queremos con ello aprovechar nuestro conocimiento de impresi\u00f3n 3D para facilitar el desarrollo de vuestros proyectos.<\/p>\n\n\n\n<p>\u00bfTienes una idea? \u00bfNecesitas una herramienta que no est\u00e1 en nuestro cat\u00e1logo? \u00bfTe gustar\u00eda que personaliz\u00e1semos alguna de las que has visto en la web? Ponte en contacto con nosotros y cu\u00e9ntanos tu idea. Usa el formulario o env\u00edanos un mail a <a href=\"mailto:info@allmermaids.top\">info@allmermaids.top<\/a> <\/p>\n\n\n<div class=\"wpcf7 no-js\" id=\"wpcf7-f166-o1\" lang=\"es-ES\" dir=\"ltr\">\n<div class=\"screen-reader-response\"><p role=\"status\" aria-live=\"polite\" aria-atomic=\"true\"><\/p> <ul><\/ul><\/div>\n<form action=\"\/index.php?rest_route=%2Fwp%2Fv2%2Fpages%2F167#wpcf7-f166-o1\" method=\"post\" class=\"wpcf7-form init\" aria-label=\"Formulario de contacto\" novalidate=\"novalidate\" data-status=\"init\">\n<div style=\"display: none;\">\n<input type=\"hidden\" name=\"_wpcf7\" value=\"166\" \/>\n<input type=\"hidden\" name=\"_wpcf7_version\" value=\"5.7.2\" \/>\n<input type=\"hidden\" name=\"_wpcf7_locale\" value=\"es_ES\" \/>\n<input type=\"hidden\" name=\"_wpcf7_unit_tag\" value=\"wpcf7-f166-o1\" \/>\n<input type=\"hidden\" name=\"_wpcf7_container_post\" value=\"0\" \/>\n<input type=\"hidden\" name=\"_wpcf7_posted_data_hash\" value=\"\" \/>\n<\/div>\n<p><label> Nombre (requerido)<br \/>\n<span class=\"wpcf7-form-control-wrap\" data-name=\"your-name\"><input size=\"40\" class=\"wpcf7-form-control wpcf7-text wpcf7-validates-as-required\" aria-required=\"true\" aria-invalid=\"false\" value=\"\" type=\"text\" name=\"your-name\" \/><\/span> <\/label>\n<\/p>\n<p><label> Mail (requerido)<br \/>\n<span class=\"wpcf7-form-control-wrap\" data-name=\"your-email\"><input size=\"40\" class=\"wpcf7-form-control wpcf7-text wpcf7-email wpcf7-validates-as-required wpcf7-validates-as-email\" aria-required=\"true\" aria-invalid=\"false\" value=\"\" type=\"email\" name=\"your-email\" \/><\/span> <\/label>\n<\/p>\n<p><label> Asunto<br \/>\n<span class=\"wpcf7-form-control-wrap\" data-name=\"your-subject\"><input size=\"40\" class=\"wpcf7-form-control wpcf7-text\" aria-invalid=\"false\" value=\"\" type=\"text\" name=\"your-subject\" \/><\/span> <\/label>\n<\/p>\n<p><label> Mensaje<br \/>\n<span class=\"wpcf7-form-control-wrap\" data-name=\"your-message\"><textarea cols=\"40\" rows=\"10\" class=\"wpcf7-form-control wpcf7-textarea\" aria-invalid=\"false\" name=\"your-message\"><\/textarea><\/span> <\/label>\n<\/p>\n<p><input class=\"wpcf7-form-control has-spinner wpcf7-submit\" type=\"submit\" value=\"Enviar\" \/>\n<\/p><div class=\"wpcf7-response-output\" aria-hidden=\"true\"><\/div><\/form><\/div>\n","protected":false},"excerpt":{"rendered":"<p>Nos llena de ilusi\u00f3n compartir con vosotros este proyecto. Nuestro deseo al construir esta p\u00e1gina, y dise\u00f1ar estas herramientas para Scrapbooking, es que sean \u00fatiles para las personas que disfrut\u00e1is de este entretenido y hermoso hobby. Queremos con ello aprovechar nuestro conocimiento de impresi\u00f3n 3D para facilitar el desarrollo de vuestros proyectos. \u00bfTienes una idea? [&hellip;]<\/p>\n","protected":false},"author":1,"featured_media":0,"parent":0,"menu_order":0,"comment_status":"closed","ping_status":"closed","template":"","meta":[],"_links":{"self":[{"href":"https:\/\/www.scrapbook.allmermaids.top\/index.php?rest_route=\/wp\/v2\/pages\/167"}],"collection":[{"href":"https:\/\/www.scrapbook.allmermaids.top\/index.php?rest_route=\/wp\/v2\/pages"}],"about":[{"href":"https:\/\/www.scrapbook.allmermaids.top\/index.php?rest_route=\/wp\/v2\/types\/page"}],"author":[{"embeddable":true,"href":"https:\/\/www.scrapbook.allmermaids.top\/index.php?rest_route=\/wp\/v2\/users\/1"}],"replies":[{"embeddable":true,"href":"https:\/\/www.scrapbook.allmermaids.top\/index.php?rest_route=%2Fwp%2Fv2%2Fcomments&post=167"}],"version-history":[{"count":5,"href":"https:\/\/www.scrapbook.allmermaids.top\/index.php?rest_route=\/wp\/v2\/pages\/167\/revisions"}],"predecessor-version":[{"id":215,"href":"https:\/\/www.scrapbook.allmermaids.top\/index.php?rest_route=\/wp\/v2\/pages\/167\/revisions\/215"}],"wp:attachment":[{"href":"https:\/\/www.scrapbook.allmermaids.top\/index.php?rest_route=%2Fwp%2Fv2%2Fmedia&parent=167"}],"curies":[{"name":"wp","href":"https:\/\/api.w.org\/{rel}","templated":true}]}}