{"id":118,"date":"2020-04-20T19:15:47","date_gmt":"2020-04-20T18:15:47","guid":{"rendered":"https:\/\/www.scrapbook.allmermaids.top\/?post_type=product&#038;p=118"},"modified":"2020-05-01T10:50:51","modified_gmt":"2020-05-01T09:50:51","slug":"plantilla-de-corte-a-45o","status":"publish","type":"product","link":"https:\/\/www.scrapbook.allmermaids.top\/?product=plantilla-de-corte-a-45o","title":{"rendered":"Plantilla de corte a 45\u00ba"},"content":{"rendered":"","protected":false},"excerpt":{"rendered":"<p>Estas plantillas permiten cortar de forma precisa a 45\u00ba el vertice de papel, cart\u00f3n o maderas a diversas distancias.<\/p>\n<p>La plantilla incluye ranuras de corte para:<\/p>\n<ul>\n<li>el forro a 0mm (justo en el vertice) a 5mm, 10mm, 15mm, 20mm, 25mm y 30mm.<\/li>\n<li>el propio material de la tapa a 45\u00ba y distancias: -5mm, -10mm, -15mm y -20mm<\/li>\n<\/ul>\n<p>Disponible en color y en material trasl\u00facido, que permite ver la superficie a cortar.<\/p>\n<p>Dimensiones:<\/p>\n<ul>\n<li>Alto: 3mm<\/li>\n<li>Ancho: 74mm<\/li>\n<li>Fondo: 58mm<\/li>\n<\/ul>\n<p>Este producto se puede personalizar para otras distancias o a\u00f1adir alg\u00fan detalle personal, contacta con nosotros para m\u00e1s informaci\u00f3n.<\/p>\n<p>Todos nuestros productos est\u00e1n impresos en PLA , un pl\u00e1stico <strong>BIODEGRADABLE<\/strong> , <strong>COMPOSTABLE\u00a0<\/strong> y <strong>NO T\u00d3XICO <\/strong>hecho de almid\u00f3n de ma\u00edz o ca\u00f1a de az\u00facar.<\/p>\n","protected":false},"featured_media":125,"comment_status":"open","ping_status":"closed","template":"","meta":[],"_links":{"self":[{"href":"https:\/\/www.scrapbook.allmermaids.top\/index.php?rest_route=\/wp\/v2\/product\/118"}],"collection":[{"href":"https:\/\/www.scrapbook.allmermaids.top\/index.php?rest_route=\/wp\/v2\/product"}],"about":[{"href":"https:\/\/www.scrapbook.allmermaids.top\/index.php?rest_route=\/wp\/v2\/types\/product"}],"replies":[{"embeddable":true,"href":"https:\/\/www.scrapbook.allmermaids.top\/index.php?rest_route=%2Fwp%2Fv2%2Fcomments&post=118"}],"wp:featuredmedia":[{"embeddable":true,"href":"https:\/\/www.scrapbook.allmermaids.top\/index.php?rest_route=\/wp\/v2\/media\/125"}],"wp:attachment":[{"href":"https:\/\/www.scrapbook.allmermaids.top\/index.php?rest_route=%2Fwp%2Fv2%2Fmedia&parent=118"}],"curies":[{"name":"wp","href":"https:\/\/api.w.org\/{rel}","templated":true}]}}