{"id":191,"date":"2020-05-12T20:10:39","date_gmt":"2020-05-12T19:10:39","guid":{"rendered":"https:\/\/www.scrapbook.allmermaids.top\/?post_type=product&#038;p=191"},"modified":"2020-05-12T20:31:50","modified_gmt":"2020-05-12T19:31:50","slug":"apoyo-y-cuna-de-perforacion","status":"publish","type":"product","link":"https:\/\/www.scrapbook.allmermaids.top\/?product=apoyo-y-cuna-de-perforacion","title":{"rendered":"Apoyo y cuna de perforaci\u00f3n"},"content":{"rendered":"","protected":false},"excerpt":{"rendered":"<p>Con este apoyo y su cuna de perforaci\u00f3n podr\u00e1s hacer lo agujeros para coser una encuadernaci\u00f3n sin ning\u00fan problema.<\/p>\n<p>La cuan de perforaci\u00f3n tiene una agujeros de 3mm separa 10mm cada uno de ellos y la puedes encontrar en dos longitudes 160mm A6 y 210mm A5.<\/p>\n<p>Si requieres otro tama\u00f1o u otra separaci\u00f3n entre agujeros ponte en contacto con nostros.<\/p>\n<p>Dimensiones:<\/p>\n<ul>\n<li>Alto: 50mm<\/li>\n<li>Ancho: 20mm<\/li>\n<li>Fondo: 160 o 210mm<\/li>\n<\/ul>\n<p>Este producto se puede personalizar para otras distancias o a\u00f1adir alg\u00fan detalle personal, contacta con nosotros para m\u00e1s informaci\u00f3n.<\/p>\n<p>Todos nuestros productos est\u00e1n impresos en PLA , un pl\u00e1stico <strong>BIODEGRADABLE<\/strong> , <strong>COMPOSTABLE\u00a0<\/strong> y <strong>NO T\u00d3XICO <\/strong>hecho de almid\u00f3n de ma\u00edz o ca\u00f1a de az\u00facar.<\/p>\n","protected":false},"featured_media":199,"comment_status":"open","ping_status":"closed","template":"","meta":[],"_links":{"self":[{"href":"https:\/\/www.scrapbook.allmermaids.top\/index.php?rest_route=\/wp\/v2\/product\/191"}],"collection":[{"href":"https:\/\/www.scrapbook.allmermaids.top\/index.php?rest_route=\/wp\/v2\/product"}],"about":[{"href":"https:\/\/www.scrapbook.allmermaids.top\/index.php?rest_route=\/wp\/v2\/types\/product"}],"replies":[{"embeddable":true,"href":"https:\/\/www.scrapbook.allmermaids.top\/index.php?rest_route=%2Fwp%2Fv2%2Fcomments&post=191"}],"wp:featuredmedia":[{"embeddable":true,"href":"https:\/\/www.scrapbook.allmermaids.top\/index.php?rest_route=\/wp\/v2\/media\/199"}],"wp:attachment":[{"href":"https:\/\/www.scrapbook.allmermaids.top\/index.php?rest_route=%2Fwp%2Fv2%2Fmedia&parent=191"}],"curies":[{"name":"wp","href":"https:\/\/api.w.org\/{rel}","templated":true}]}}