{"id":203,"date":"2020-05-12T20:20:47","date_gmt":"2020-05-12T19:20:47","guid":{"rendered":"https:\/\/www.scrapbook.allmermaids.top\/?post_type=product&#038;p=203"},"modified":"2020-05-12T20:20:48","modified_gmt":"2020-05-12T19:20:48","slug":"sello-casa-infantil","status":"publish","type":"product","link":"https:\/\/www.scrapbook.allmermaids.top\/?product=sello-casa-infantil","title":{"rendered":"Sello casa infantil"},"content":{"rendered":"","protected":false},"excerpt":{"rendered":"<p>Estos sellos personalizados, son entintables y permiten transferir la imagen contenida en el sello a cartones, telas, papeles, maderas&#8230; Incluye una tapa de pl\u00e1stico PLA.<\/p>\n<p>En este caso la estampa del sello representa una casa dibujada por unas manos infantiles :o)<\/p>\n<p>Lo tenemos en 2 medidas 100x50mm y 50X25mm<\/p>\n<p>Todos nuestros productos est\u00e1n impresos en PLA , un pl\u00e1stico <strong>BIODEGRADABLE<\/strong> , <strong>COMPOSTABLE\u00a0<\/strong> y <strong>NO T\u00d3XICO <\/strong>hecho de almid\u00f3n de ma\u00edz o ca\u00f1a de az\u00facar.\u00a0En este caso tambi\u00e9n usamos silicona no t\u00f3xica y muy duradera.<\/p>\n","protected":false},"featured_media":200,"comment_status":"open","ping_status":"closed","template":"","meta":[],"_links":{"self":[{"href":"https:\/\/www.scrapbook.allmermaids.top\/index.php?rest_route=\/wp\/v2\/product\/203"}],"collection":[{"href":"https:\/\/www.scrapbook.allmermaids.top\/index.php?rest_route=\/wp\/v2\/product"}],"about":[{"href":"https:\/\/www.scrapbook.allmermaids.top\/index.php?rest_route=\/wp\/v2\/types\/product"}],"replies":[{"embeddable":true,"href":"https:\/\/www.scrapbook.allmermaids.top\/index.php?rest_route=%2Fwp%2Fv2%2Fcomments&post=203"}],"wp:featuredmedia":[{"embeddable":true,"href":"https:\/\/www.scrapbook.allmermaids.top\/index.php?rest_route=\/wp\/v2\/media\/200"}],"wp:attachment":[{"href":"https:\/\/www.scrapbook.allmermaids.top\/index.php?rest_route=%2Fwp%2Fv2%2Fmedia&parent=203"}],"curies":[{"name":"wp","href":"https:\/\/api.w.org\/{rel}","templated":true}]}}