{"id":207,"date":"2020-05-12T20:28:38","date_gmt":"2020-05-12T19:28:38","guid":{"rendered":"https:\/\/www.scrapbook.allmermaids.top\/?post_type=product&#038;p=207"},"modified":"2020-05-12T20:28:38","modified_gmt":"2020-05-12T19:28:38","slug":"texto-la-princesa-de-la-casa","status":"publish","type":"product","link":"https:\/\/www.scrapbook.allmermaids.top\/?product=texto-la-princesa-de-la-casa","title":{"rendered":"Texto &#8220;La princesa de la casa&#8221;"},"content":{"rendered":"","protected":false},"excerpt":{"rendered":"<p>Estos textos personalizados, se pueden adherir a madera, cart\u00f3n y papel. Pueden ser pintados, empapelados o dejado tal cual.<\/p>\n<p>En este caso el texto representa la frase &#8220;La princesa de la casa&#8221; con una peque\u00f1a una corona encima.<\/p>\n<p>Tiene unas medidas de 100x50mm<\/p>\n<p>Todos nuestros productos est\u00e1n impresos en PLA , un pl\u00e1stico <strong>BIODEGRADABLE<\/strong> , <strong>COMPOSTABLE\u00a0<\/strong> y <strong>NO T\u00d3XICO <\/strong>hecho de almid\u00f3n de ma\u00edz o ca\u00f1a de az\u00facar.\u00a0En este caso tambi\u00e9n usamos silicona no t\u00f3xica y muy duradera.<\/p>\n","protected":false},"featured_media":193,"comment_status":"open","ping_status":"closed","template":"","meta":[],"_links":{"self":[{"href":"https:\/\/www.scrapbook.allmermaids.top\/index.php?rest_route=\/wp\/v2\/product\/207"}],"collection":[{"href":"https:\/\/www.scrapbook.allmermaids.top\/index.php?rest_route=\/wp\/v2\/product"}],"about":[{"href":"https:\/\/www.scrapbook.allmermaids.top\/index.php?rest_route=\/wp\/v2\/types\/product"}],"replies":[{"embeddable":true,"href":"https:\/\/www.scrapbook.allmermaids.top\/index.php?rest_route=%2Fwp%2Fv2%2Fcomments&post=207"}],"wp:featuredmedia":[{"embeddable":true,"href":"https:\/\/www.scrapbook.allmermaids.top\/index.php?rest_route=\/wp\/v2\/media\/193"}],"wp:attachment":[{"href":"https:\/\/www.scrapbook.allmermaids.top\/index.php?rest_route=%2Fwp%2Fv2%2Fmedia&parent=207"}],"curies":[{"name":"wp","href":"https:\/\/api.w.org\/{rel}","templated":true}]}}