{"id":86,"date":"2020-04-19T00:21:17","date_gmt":"2020-04-18T23:21:17","guid":{"rendered":"https:\/\/scrapbook.allmermaids.top\/blog\/?post_type=product&#038;p=86"},"modified":"2020-05-01T11:12:23","modified_gmt":"2020-05-01T10:12:23","slug":"kit-de-escuadras-para-cualquier-espesor","status":"publish","type":"product","link":"https:\/\/www.scrapbook.allmermaids.top\/?product=kit-de-escuadras-para-cualquier-espesor","title":{"rendered":"Kit de escuadras para cualquier espesor"},"content":{"rendered":"","protected":false},"excerpt":{"rendered":"<p>Estas escuadras permiten pegar c\u00f3modamente en angulo recto esquineras hechas con cartones y madera de cualquier espesor.<\/p>\n<p>Requiere el uso de pinzas. Se incluyen pinzas para espesores hasta 7 mm, para espesores mayores se pueden usar pinzas de ropa u otro tipo.<\/p>\n<p>Dimensiones:<\/p>\n<ul>\n<li>Alto: 15mm<\/li>\n<li>Ancho: 35mm<\/li>\n<li>Fondo: 35mm<\/li>\n<\/ul>\n<p>Este producto se puede personalizar para otros espesores o a\u00f1adir alg\u00fan detalle personal, contacta con nosotros para m\u00e1s informaci\u00f3n.<\/p>\n<p>Todos nuestros productos est\u00e1n impresos en PLA , un pl\u00e1stico <strong>BIODEGRADABLE<\/strong> , <strong>COMPOSTABLE\u00a0<\/strong> y <strong>NO T\u00d3XICO <\/strong>hecho de almid\u00f3n de ma\u00edz o ca\u00f1a de az\u00facar.<\/p>\n","protected":false},"featured_media":84,"comment_status":"open","ping_status":"closed","template":"","meta":[],"_links":{"self":[{"href":"https:\/\/www.scrapbook.allmermaids.top\/index.php?rest_route=\/wp\/v2\/product\/86"}],"collection":[{"href":"https:\/\/www.scrapbook.allmermaids.top\/index.php?rest_route=\/wp\/v2\/product"}],"about":[{"href":"https:\/\/www.scrapbook.allmermaids.top\/index.php?rest_route=\/wp\/v2\/types\/product"}],"replies":[{"embeddable":true,"href":"https:\/\/www.scrapbook.allmermaids.top\/index.php?rest_route=%2Fwp%2Fv2%2Fcomments&post=86"}],"wp:featuredmedia":[{"embeddable":true,"href":"https:\/\/www.scrapbook.allmermaids.top\/index.php?rest_route=\/wp\/v2\/media\/84"}],"wp:attachment":[{"href":"https:\/\/www.scrapbook.allmermaids.top\/index.php?rest_route=%2Fwp%2Fv2%2Fmedia&parent=86"}],"curies":[{"name":"wp","href":"https:\/\/api.w.org\/{rel}","templated":true}]}}