{"id":92,"date":"2020-04-19T00:46:19","date_gmt":"2020-04-18T23:46:19","guid":{"rendered":"https:\/\/scrapbook.allmermaids.top\/blog\/?post_type=product&#038;p=92"},"modified":"2020-05-01T10:52:48","modified_gmt":"2020-05-01T09:52:48","slug":"patron-para-perforacion-de-portadas-y-lomos","status":"publish","type":"product","link":"https:\/\/www.scrapbook.allmermaids.top\/?product=patron-para-perforacion-de-portadas-y-lomos","title":{"rendered":"Patr\u00f3n para perforaci\u00f3n de portadas y lomos"},"content":{"rendered":"","protected":false},"excerpt":{"rendered":"<p>Este patr\u00f3n de perforaci\u00f3n permite puntear las tapas de los cuadernos para poder encuadernarlas mediante cosido.<\/p>\n<p>La versi\u00f3n estandar se ofrece en 160mm con una separaci\u00f3n 5mm entre agujeros y 1,5mm de di\u00e1metro.<\/p>\n<p>Disponible en material trasl\u00facido, que permite ver la superficie a cortar.<\/p>\n<p>Dimensiones:<\/p>\n<ul>\n<li>Alto: 20mm<\/li>\n<li>Ancho: 20mm<\/li>\n<li>Fondo: versi\u00f3n standard 160mm existe la opci\u00f3n de 210mm<\/li>\n<\/ul>\n<p>Este producto se puede personalizar para otras dimensiones, separaci\u00f3n entre orificios o a\u00f1adir alg\u00fan detalle personal, contacta con nosotros para m\u00e1s informaci\u00f3n.<\/p>\n<p>Todos nuestros productos est\u00e1n impresos en PLA , un pl\u00e1stico <strong>BIODEGRADABLE<\/strong> , <strong>COMPOSTABLE\u00a0<\/strong> y <strong>NO T\u00d3XICO <\/strong>hecho de almid\u00f3n de ma\u00edz o ca\u00f1a de az\u00facar.<\/p>\n","protected":false},"featured_media":75,"comment_status":"open","ping_status":"closed","template":"","meta":[],"_links":{"self":[{"href":"https:\/\/www.scrapbook.allmermaids.top\/index.php?rest_route=\/wp\/v2\/product\/92"}],"collection":[{"href":"https:\/\/www.scrapbook.allmermaids.top\/index.php?rest_route=\/wp\/v2\/product"}],"about":[{"href":"https:\/\/www.scrapbook.allmermaids.top\/index.php?rest_route=\/wp\/v2\/types\/product"}],"replies":[{"embeddable":true,"href":"https:\/\/www.scrapbook.allmermaids.top\/index.php?rest_route=%2Fwp%2Fv2%2Fcomments&post=92"}],"wp:featuredmedia":[{"embeddable":true,"href":"https:\/\/www.scrapbook.allmermaids.top\/index.php?rest_route=\/wp\/v2\/media\/75"}],"wp:attachment":[{"href":"https:\/\/www.scrapbook.allmermaids.top\/index.php?rest_route=%2Fwp%2Fv2%2Fmedia&parent=92"}],"curies":[{"name":"wp","href":"https:\/\/api.w.org\/{rel}","templated":true}]}}